{"id":5009,"date":"2022-11-02T13:09:02","date_gmt":"2022-11-02T13:09:02","guid":{"rendered":"https:\/\/hinos-times.com.br\/harpa\/?page_id=5009"},"modified":"2022-11-02T13:09:02","modified_gmt":"2022-11-02T13:09:02","slug":"contato","status":"publish","type":"page","link":"https:\/\/hinos-times.com.br\/harpa\/contato\/","title":{"rendered":"contato"},"content":{"rendered":"<h3>entre em contato<\/h3>\n<p>E-mail:\u00a0ivaldofz@gmail.com<\/p>\n<p>fone:(84)988935796\u00a0(zap)<\/p>\n<p>em breve te respondemos<\/p>\n<h3>nosso endere\u00e7o<\/h3>\n<p>Rua: Coronel Baracho 253<\/p>\n<p>Bairro: centro<\/p>\n<p>Cidade: Santana do Matos\/RN<\/p>\n<p>Cep: 59520-000<\/p>\n","protected":false},"excerpt":{"rendered":"<p>entre em contato E-mail:\u00a0ivaldofz@gmail.com fone:(84)988935796\u00a0(zap) em breve te respondemos nosso endere\u00e7o Rua: Coronel Baracho 253 Bairro: centro Cidade: Santana do Matos\/RN Cep: 59520-000<\/p>\n","protected":false},"author":1,"featured_media":0,"parent":0,"menu_order":0,"comment_status":"closed","ping_status":"closed","template":"","meta":{"footnotes":""},"class_list":["post-5009","page","type-page","status-publish","hentry"],"yoast_head":"<!-- This site is optimized with the Yoast SEO plugin v27.1.1 - https:\/\/yoast.com\/product\/yoast-seo-wordpress\/ -->\n<title>contato - HARPA CRIST\u00c3 CIFRA<\/title>\n<meta name=\"robots\" content=\"index, follow, max-snippet:-1, max-image-preview:large, max-video-preview:-1\" \/>\n<link rel=\"canonical\" href=\"https:\/\/hinos-times.com.br\/harpa\/contato\/\" \/>\n<meta property=\"og:locale\" content=\"pt_BR\" \/>\n<meta property=\"og:type\" content=\"article\" \/>\n<meta property=\"og:title\" content=\"contato - HARPA CRIST\u00c3 CIFRA\" \/>\n<meta property=\"og:description\" content=\"entre em contato E-mail:\u00a0ivaldofz@gmail.com fone:(84)988935796\u00a0(zap) em breve te respondemos nosso endere\u00e7o Rua: Coronel Baracho 253 Bairro: centro Cidade: Santana do Matos\/RN Cep: 59520-000\" \/>\n<meta property=\"og:url\" content=\"https:\/\/hinos-times.com.br\/harpa\/contato\/\" \/>\n<meta property=\"og:site_name\" content=\"HARPA CRIST\u00c3 CIFRA\" \/>\n<meta property=\"og:image\" content=\"https:\/\/hinos-times.com.br\/harpa\/wp-content\/uploads\/2022\/10\/harpa-crista.webp\" \/>\n\t<meta property=\"og:image:width\" content=\"900\" \/>\n\t<meta property=\"og:image:height\" content=\"600\" \/>\n\t<meta property=\"og:image:type\" content=\"image\/webp\" \/>\n<meta name=\"twitter:card\" content=\"summary_large_image\" \/>\n<script type=\"application\/ld+json\" class=\"yoast-schema-graph\">{\"@context\":\"https:\/\/schema.org\",\"@graph\":[{\"@type\":\"WebPage\",\"@id\":\"https:\/\/hinos-times.com.br\/harpa\/contato\/\",\"url\":\"https:\/\/hinos-times.com.br\/harpa\/contato\/\",\"name\":\"contato - HARPA CRIST\u00c3 CIFRA\",\"isPartOf\":{\"@id\":\"https:\/\/hinos-times.com.br\/harpa\/#website\"},\"datePublished\":\"2022-11-02T13:09:02+00:00\",\"breadcrumb\":{\"@id\":\"https:\/\/hinos-times.com.br\/harpa\/contato\/#breadcrumb\"},\"inLanguage\":\"pt-BR\",\"potentialAction\":[{\"@type\":\"ReadAction\",\"target\":[\"https:\/\/hinos-times.com.br\/harpa\/contato\/\"]}]},{\"@type\":\"BreadcrumbList\",\"@id\":\"https:\/\/hinos-times.com.br\/harpa\/contato\/#breadcrumb\",\"itemListElement\":[{\"@type\":\"ListItem\",\"position\":1,\"name\":\"In\u00edcio\",\"item\":\"https:\/\/hinos-times.com.br\/harpa\/\"},{\"@type\":\"ListItem\",\"position\":2,\"name\":\"contato\"}]},{\"@type\":\"WebSite\",\"@id\":\"https:\/\/hinos-times.com.br\/harpa\/#website\",\"url\":\"https:\/\/hinos-times.com.br\/harpa\/\",\"name\":\"HARPA CRIST\u00c3 CIFRA\",\"description\":\"&quot;Ou\u00e7a e aprenda: HARPA CRIST\u00c3 CIFRAS, agora em \u00e1udio, para tocar e cantar com facilidade.&quot;\",\"alternateName\":\"harpa mp3\",\"potentialAction\":[{\"@type\":\"SearchAction\",\"target\":{\"@type\":\"EntryPoint\",\"urlTemplate\":\"https:\/\/hinos-times.com.br\/harpa\/?s={search_term_string}\"},\"query-input\":{\"@type\":\"PropertyValueSpecification\",\"valueRequired\":true,\"valueName\":\"search_term_string\"}}],\"inLanguage\":\"pt-BR\"}]}<\/script>\n<!-- \/ Yoast SEO plugin. -->","yoast_head_json":{"title":"contato - HARPA CRIST\u00c3 CIFRA","robots":{"index":"index","follow":"follow","max-snippet":"max-snippet:-1","max-image-preview":"max-image-preview:large","max-video-preview":"max-video-preview:-1"},"canonical":"https:\/\/hinos-times.com.br\/harpa\/contato\/","og_locale":"pt_BR","og_type":"article","og_title":"contato - HARPA CRIST\u00c3 CIFRA","og_description":"entre em contato E-mail:\u00a0ivaldofz@gmail.com fone:(84)988935796\u00a0(zap) em breve te respondemos nosso endere\u00e7o Rua: Coronel Baracho 253 Bairro: centro Cidade: Santana do Matos\/RN Cep: 59520-000","og_url":"https:\/\/hinos-times.com.br\/harpa\/contato\/","og_site_name":"HARPA CRIST\u00c3 CIFRA","og_image":[{"width":900,"height":600,"url":"https:\/\/hinos-times.com.br\/harpa\/wp-content\/uploads\/2022\/10\/harpa-crista.webp","type":"image\/webp"}],"twitter_card":"summary_large_image","schema":{"@context":"https:\/\/schema.org","@graph":[{"@type":"WebPage","@id":"https:\/\/hinos-times.com.br\/harpa\/contato\/","url":"https:\/\/hinos-times.com.br\/harpa\/contato\/","name":"contato - HARPA CRIST\u00c3 CIFRA","isPartOf":{"@id":"https:\/\/hinos-times.com.br\/harpa\/#website"},"datePublished":"2022-11-02T13:09:02+00:00","breadcrumb":{"@id":"https:\/\/hinos-times.com.br\/harpa\/contato\/#breadcrumb"},"inLanguage":"pt-BR","potentialAction":[{"@type":"ReadAction","target":["https:\/\/hinos-times.com.br\/harpa\/contato\/"]}]},{"@type":"BreadcrumbList","@id":"https:\/\/hinos-times.com.br\/harpa\/contato\/#breadcrumb","itemListElement":[{"@type":"ListItem","position":1,"name":"In\u00edcio","item":"https:\/\/hinos-times.com.br\/harpa\/"},{"@type":"ListItem","position":2,"name":"contato"}]},{"@type":"WebSite","@id":"https:\/\/hinos-times.com.br\/harpa\/#website","url":"https:\/\/hinos-times.com.br\/harpa\/","name":"HARPA CRIST\u00c3 CIFRA","description":"&quot;Ou\u00e7a e aprenda: HARPA CRIST\u00c3 CIFRAS, agora em \u00e1udio, para tocar e cantar com facilidade.&quot;","alternateName":"harpa mp3","potentialAction":[{"@type":"SearchAction","target":{"@type":"EntryPoint","urlTemplate":"https:\/\/hinos-times.com.br\/harpa\/?s={search_term_string}"},"query-input":{"@type":"PropertyValueSpecification","valueRequired":true,"valueName":"search_term_string"}}],"inLanguage":"pt-BR"}]}},"_links":{"self":[{"href":"https:\/\/hinos-times.com.br\/harpa\/wp-json\/wp\/v2\/pages\/5009","targetHints":{"allow":["GET"]}}],"collection":[{"href":"https:\/\/hinos-times.com.br\/harpa\/wp-json\/wp\/v2\/pages"}],"about":[{"href":"https:\/\/hinos-times.com.br\/harpa\/wp-json\/wp\/v2\/types\/page"}],"author":[{"embeddable":true,"href":"https:\/\/hinos-times.com.br\/harpa\/wp-json\/wp\/v2\/users\/1"}],"replies":[{"embeddable":true,"href":"https:\/\/hinos-times.com.br\/harpa\/wp-json\/wp\/v2\/comments?post=5009"}],"version-history":[{"count":0,"href":"https:\/\/hinos-times.com.br\/harpa\/wp-json\/wp\/v2\/pages\/5009\/revisions"}],"wp:attachment":[{"href":"https:\/\/hinos-times.com.br\/harpa\/wp-json\/wp\/v2\/media?parent=5009"}],"curies":[{"name":"wp","href":"https:\/\/api.w.org\/{rel}","templated":true}]}}