{"id":7308,"date":"2023-12-11T15:16:20","date_gmt":"2023-12-11T18:16:20","guid":{"rendered":"https:\/\/hinos-times.com.br\/harpa\/?page_id=7308"},"modified":"2025-01-31T12:19:02","modified_gmt":"2025-01-31T15:19:02","slug":"7308-2","status":"publish","type":"page","link":"https:\/\/hinos-times.com.br\/harpa\/7308-2\/","title":{"rendered":"Estudos"},"content":{"rendered":"\r\n<p><span style=\"color: #ff0000;\"><strong>Temos Centenas de Estudos Fa\u00e7a sua Pesquisa<\/strong><\/span><\/p>\r\n<form class=\"search-form\" action=\"https:\/\/www.google.com\/search\" method=\"get\">\r\n<p>&nbsp;<\/p>\r\n<p>&nbsp;<\/p>\r\n<p><input name=\"q\" required=\"\" type=\"text\" placeholder=\"Pesquise aqui...\" \/> <input name=\"sitesearch\" type=\"hidden\" value=\"esbocobiblia.com.br\" \/> <!-- Define o site a ser pesquisado --> <button type=\"submit\">Buscar<\/button><\/p>\r\n<\/form>\r\n<p>&nbsp;<\/p>\r\n<p><a href=\"https:\/\/hinos-times.com.br\/harpa\/quis.html\"><img loading=\"lazy\" decoding=\"async\" class=\"aligncenter  wp-image-8186\" src=\"https:\/\/hinos-times.com.br\/harpa\/wp-content\/uploads\/2025\/01\/Quiz-Biblico.png\" alt=\"\" width=\"595\" height=\"457\" srcset=\"https:\/\/hinos-times.com.br\/harpa\/wp-content\/uploads\/2025\/01\/Quiz-Biblico.png 800w, https:\/\/hinos-times.com.br\/harpa\/wp-content\/uploads\/2025\/01\/Quiz-Biblico-300x231.png 300w, https:\/\/hinos-times.com.br\/harpa\/wp-content\/uploads\/2025\/01\/Quiz-Biblico-768x590.png 768w\" sizes=\"auto, (max-width: 595px) 100vw, 595px\" \/><\/a><\/p>\r\n<h1><a href=\"https:\/\/hinos-times.com.br\/harpa\/quis.html\">Quiz B\u00edblico<\/a><a href=\"https:\/\/hinos-times.com.br\/harpa\/wp-content\/uploads\/2025\/01\/Quiz-Biblico.png\"><br \/><\/a><\/h1>\r\n<hr \/>\r\n<p>&nbsp;<\/p>\r\n<p><a href=\"https:\/\/hinos-times.com.br\/harpa\/hinos-da-harpa-crista\/\"><img loading=\"lazy\" decoding=\"async\" class=\"aligncenter wp-image-7300\" src=\"https:\/\/hinos-times.com.br\/harpa\/wp-content\/uploads\/2023\/12\/harpa-crista-cantada-completa-download-gratis.webp\" alt=\"\" width=\"624\" height=\"416\" srcset=\"https:\/\/hinos-times.com.br\/harpa\/wp-content\/uploads\/2023\/12\/harpa-crista-cantada-completa-download-gratis.webp 1200w, https:\/\/hinos-times.com.br\/harpa\/wp-content\/uploads\/2023\/12\/harpa-crista-cantada-completa-download-gratis-300x200.webp 300w, https:\/\/hinos-times.com.br\/harpa\/wp-content\/uploads\/2023\/12\/harpa-crista-cantada-completa-download-gratis-1024x683.webp 1024w, https:\/\/hinos-times.com.br\/harpa\/wp-content\/uploads\/2023\/12\/harpa-crista-cantada-completa-download-gratis-768x512.webp 768w\" sizes=\"auto, (max-width: 624px) 100vw, 624px\" \/><\/a><\/p>\r\n<p style=\"text-align: center;\"><a href=\"https:\/\/hinos-times.com.br\/harpa\/hinos-da-harpa-crista\/\">Harpa Crist\u00e3 Cantada<\/a><\/p>\r\n<div>\u00a0<\/div>\r\n<div><hr \/><\/div>\r\n<h2><a href=\"https:\/\/hinos-times.com.br\/harpa\/category\/gospel\/\"><img loading=\"lazy\" decoding=\"async\" class=\"aligncenter\" src=\"https:\/\/i.pinimg.com\/originals\/a1\/ab\/37\/a1ab37f9701fbc8ae9ae9cbb574232cb.gif\" alt=\"mix gospel\" width=\"600\" height=\"311\" \/><\/a><\/h2>\r\n<h3 style=\"text-align: center;\"><a href=\"https:\/\/hinos-times.com.br\/harpa\/category\/gospel\/\">MIX GOSPEL<\/a><\/h3>","protected":false},"excerpt":{"rendered":"<p>Temos Centenas de Estudos Fa\u00e7a sua Pesquisa &nbsp; &nbsp; Buscar &nbsp; Quiz B\u00edblico &nbsp; Harpa Crist\u00e3 Cantada \u00a0 MIX GOSPEL<\/p>\n","protected":false},"author":1,"featured_media":0,"parent":0,"menu_order":0,"comment_status":"closed","ping_status":"closed","template":"","meta":{"footnotes":""},"class_list":["post-7308","page","type-page","status-publish","hentry"],"yoast_head":"<!-- This site is optimized with the Yoast SEO plugin v27.4 - https:\/\/yoast.com\/product\/yoast-seo-wordpress\/ -->\n<title>Estudos - HARPA CRIST\u00c3 CIFRA<\/title>\n<meta name=\"robots\" content=\"noindex, nofollow\" \/>\n<meta property=\"og:locale\" content=\"pt_BR\" \/>\n<meta property=\"og:type\" content=\"article\" \/>\n<meta property=\"og:title\" content=\"Estudos - HARPA CRIST\u00c3 CIFRA\" \/>\n<meta property=\"og:description\" content=\"Temos Centenas de Estudos Fa\u00e7a sua Pesquisa &nbsp; &nbsp; Buscar &nbsp; Quiz B\u00edblico &nbsp; Harpa Crist\u00e3 Cantada \u00a0 MIX GOSPEL\" \/>\n<meta property=\"og:url\" content=\"https:\/\/hinos-times.com.br\/harpa\/7308-2\/\" \/>\n<meta property=\"og:site_name\" content=\"HARPA CRIST\u00c3 CIFRA\" \/>\n<meta property=\"article:modified_time\" content=\"2025-01-31T15:19:02+00:00\" \/>\n<meta property=\"og:image\" content=\"https:\/\/hinos-times.com.br\/harpa\/wp-content\/uploads\/2025\/01\/Quiz-Biblico.png\" \/>\n\t<meta property=\"og:image:width\" content=\"800\" \/>\n\t<meta property=\"og:image:height\" content=\"615\" \/>\n\t<meta property=\"og:image:type\" content=\"image\/png\" \/>\n<meta name=\"twitter:card\" content=\"summary_large_image\" \/>\n<meta name=\"twitter:label1\" content=\"Est. tempo de leitura\" \/>\n\t<meta name=\"twitter:data1\" content=\"1 minuto\" \/>\n<script type=\"application\/ld+json\" class=\"yoast-schema-graph\">{\"@context\":\"https:\\\/\\\/schema.org\",\"@graph\":[{\"@type\":\"WebPage\",\"@id\":\"https:\\\/\\\/hinos-times.com.br\\\/harpa\\\/7308-2\\\/\",\"url\":\"https:\\\/\\\/hinos-times.com.br\\\/harpa\\\/7308-2\\\/\",\"name\":\"Estudos - HARPA CRIST\u00c3 CIFRA\",\"isPartOf\":{\"@id\":\"https:\\\/\\\/hinos-times.com.br\\\/harpa\\\/#website\"},\"primaryImageOfPage\":{\"@id\":\"https:\\\/\\\/hinos-times.com.br\\\/harpa\\\/7308-2\\\/#primaryimage\"},\"image\":{\"@id\":\"https:\\\/\\\/hinos-times.com.br\\\/harpa\\\/7308-2\\\/#primaryimage\"},\"thumbnailUrl\":\"https:\\\/\\\/hinos-times.com.br\\\/harpa\\\/wp-content\\\/uploads\\\/2025\\\/01\\\/Quiz-Biblico.png\",\"datePublished\":\"2023-12-11T18:16:20+00:00\",\"dateModified\":\"2025-01-31T15:19:02+00:00\",\"breadcrumb\":{\"@id\":\"https:\\\/\\\/hinos-times.com.br\\\/harpa\\\/7308-2\\\/#breadcrumb\"},\"inLanguage\":\"pt-BR\",\"potentialAction\":[{\"@type\":\"ReadAction\",\"target\":[\"https:\\\/\\\/hinos-times.com.br\\\/harpa\\\/7308-2\\\/\"]}]},{\"@type\":\"ImageObject\",\"inLanguage\":\"pt-BR\",\"@id\":\"https:\\\/\\\/hinos-times.com.br\\\/harpa\\\/7308-2\\\/#primaryimage\",\"url\":\"https:\\\/\\\/hinos-times.com.br\\\/harpa\\\/wp-content\\\/uploads\\\/2025\\\/01\\\/Quiz-Biblico.png\",\"contentUrl\":\"https:\\\/\\\/hinos-times.com.br\\\/harpa\\\/wp-content\\\/uploads\\\/2025\\\/01\\\/Quiz-Biblico.png\"},{\"@type\":\"BreadcrumbList\",\"@id\":\"https:\\\/\\\/hinos-times.com.br\\\/harpa\\\/7308-2\\\/#breadcrumb\",\"itemListElement\":[{\"@type\":\"ListItem\",\"position\":1,\"name\":\"In\u00edcio\",\"item\":\"https:\\\/\\\/hinos-times.com.br\\\/harpa\\\/\"},{\"@type\":\"ListItem\",\"position\":2,\"name\":\"Estudos\"}]},{\"@type\":\"WebSite\",\"@id\":\"https:\\\/\\\/hinos-times.com.br\\\/harpa\\\/#website\",\"url\":\"https:\\\/\\\/hinos-times.com.br\\\/harpa\\\/\",\"name\":\"HARPA CRIST\u00c3 CIFRA\",\"description\":\"&quot;Ou\u00e7a e aprenda: HARPA CRIST\u00c3 CIFRAS, agora em \u00e1udio, para tocar e cantar com facilidade.&quot;\",\"alternateName\":\"harpa mp3\",\"potentialAction\":[{\"@type\":\"SearchAction\",\"target\":{\"@type\":\"EntryPoint\",\"urlTemplate\":\"https:\\\/\\\/hinos-times.com.br\\\/harpa\\\/?s={search_term_string}\"},\"query-input\":{\"@type\":\"PropertyValueSpecification\",\"valueRequired\":true,\"valueName\":\"search_term_string\"}}],\"inLanguage\":\"pt-BR\"}]}<\/script>\n<!-- \/ Yoast SEO plugin. -->","yoast_head_json":{"title":"Estudos - HARPA CRIST\u00c3 CIFRA","robots":{"index":"noindex","follow":"nofollow"},"og_locale":"pt_BR","og_type":"article","og_title":"Estudos - HARPA CRIST\u00c3 CIFRA","og_description":"Temos Centenas de Estudos Fa\u00e7a sua Pesquisa &nbsp; &nbsp; Buscar &nbsp; Quiz B\u00edblico &nbsp; Harpa Crist\u00e3 Cantada \u00a0 MIX GOSPEL","og_url":"https:\/\/hinos-times.com.br\/harpa\/7308-2\/","og_site_name":"HARPA CRIST\u00c3 CIFRA","article_modified_time":"2025-01-31T15:19:02+00:00","og_image":[{"width":800,"height":615,"url":"https:\/\/hinos-times.com.br\/harpa\/wp-content\/uploads\/2025\/01\/Quiz-Biblico.png","type":"image\/png"}],"twitter_card":"summary_large_image","twitter_misc":{"Est. tempo de leitura":"1 minuto"},"schema":{"@context":"https:\/\/schema.org","@graph":[{"@type":"WebPage","@id":"https:\/\/hinos-times.com.br\/harpa\/7308-2\/","url":"https:\/\/hinos-times.com.br\/harpa\/7308-2\/","name":"Estudos - HARPA CRIST\u00c3 CIFRA","isPartOf":{"@id":"https:\/\/hinos-times.com.br\/harpa\/#website"},"primaryImageOfPage":{"@id":"https:\/\/hinos-times.com.br\/harpa\/7308-2\/#primaryimage"},"image":{"@id":"https:\/\/hinos-times.com.br\/harpa\/7308-2\/#primaryimage"},"thumbnailUrl":"https:\/\/hinos-times.com.br\/harpa\/wp-content\/uploads\/2025\/01\/Quiz-Biblico.png","datePublished":"2023-12-11T18:16:20+00:00","dateModified":"2025-01-31T15:19:02+00:00","breadcrumb":{"@id":"https:\/\/hinos-times.com.br\/harpa\/7308-2\/#breadcrumb"},"inLanguage":"pt-BR","potentialAction":[{"@type":"ReadAction","target":["https:\/\/hinos-times.com.br\/harpa\/7308-2\/"]}]},{"@type":"ImageObject","inLanguage":"pt-BR","@id":"https:\/\/hinos-times.com.br\/harpa\/7308-2\/#primaryimage","url":"https:\/\/hinos-times.com.br\/harpa\/wp-content\/uploads\/2025\/01\/Quiz-Biblico.png","contentUrl":"https:\/\/hinos-times.com.br\/harpa\/wp-content\/uploads\/2025\/01\/Quiz-Biblico.png"},{"@type":"BreadcrumbList","@id":"https:\/\/hinos-times.com.br\/harpa\/7308-2\/#breadcrumb","itemListElement":[{"@type":"ListItem","position":1,"name":"In\u00edcio","item":"https:\/\/hinos-times.com.br\/harpa\/"},{"@type":"ListItem","position":2,"name":"Estudos"}]},{"@type":"WebSite","@id":"https:\/\/hinos-times.com.br\/harpa\/#website","url":"https:\/\/hinos-times.com.br\/harpa\/","name":"HARPA CRIST\u00c3 CIFRA","description":"&quot;Ou\u00e7a e aprenda: HARPA CRIST\u00c3 CIFRAS, agora em \u00e1udio, para tocar e cantar com facilidade.&quot;","alternateName":"harpa mp3","potentialAction":[{"@type":"SearchAction","target":{"@type":"EntryPoint","urlTemplate":"https:\/\/hinos-times.com.br\/harpa\/?s={search_term_string}"},"query-input":{"@type":"PropertyValueSpecification","valueRequired":true,"valueName":"search_term_string"}}],"inLanguage":"pt-BR"}]}},"_links":{"self":[{"href":"https:\/\/hinos-times.com.br\/harpa\/wp-json\/wp\/v2\/pages\/7308","targetHints":{"allow":["GET"]}}],"collection":[{"href":"https:\/\/hinos-times.com.br\/harpa\/wp-json\/wp\/v2\/pages"}],"about":[{"href":"https:\/\/hinos-times.com.br\/harpa\/wp-json\/wp\/v2\/types\/page"}],"author":[{"embeddable":true,"href":"https:\/\/hinos-times.com.br\/harpa\/wp-json\/wp\/v2\/users\/1"}],"replies":[{"embeddable":true,"href":"https:\/\/hinos-times.com.br\/harpa\/wp-json\/wp\/v2\/comments?post=7308"}],"version-history":[{"count":0,"href":"https:\/\/hinos-times.com.br\/harpa\/wp-json\/wp\/v2\/pages\/7308\/revisions"}],"wp:attachment":[{"href":"https:\/\/hinos-times.com.br\/harpa\/wp-json\/wp\/v2\/media?parent=7308"}],"curies":[{"name":"wp","href":"https:\/\/api.w.org\/{rel}","templated":true}]}}